{"id":5,"date":"2022-02-07T20:07:25","date_gmt":"2022-02-07T20:07:25","guid":{"rendered":"https:\/\/www.cerrajerospuertodesagunto.es\/?page_id=5"},"modified":"2022-02-07T20:07:25","modified_gmt":"2022-02-07T20:07:25","slug":"cerrajeros-puerto-de-sagunto","status":"publish","type":"page","link":"https:\/\/www.cerrajerospuertodesagunto.es\/","title":{"rendered":"Cerrajeros Puerto de Sagunto"},"content":{"rendered":"\n<p>Contamos con un excelente equipo humano de cerrajeros <a href=\"https:\/\/www.cerrajerospuertodesagunto.es\/\">Puerto de Sagunto<\/a>, as\u00ed como de un estupendo servicio de atenci\u00f3n al cliente. Nuestros cerrajeros se adaptan siempre a las necesidades del cliente, sin olvidarnos de su presupuesto.<\/p>\n\n\n\n<p>En cerrajeros de Puerto de Sagunto encontrar\u00e1 profesionales altamente cualificados que podr\u00e1n solucionar cualquier problema de cerrajer\u00eda, ya sea con puertas, cerraduras, cierres met\u00e1licos, persianas met\u00e1licas, cajas fuertes, etc. Puede contar con nosotros durante las 24 horas, ya sea de d\u00eda o de noche, siempre acudiremos de forma inmediata ante una urgencia. Con nosotros encontrar\u00e1 unos cerrajeros cualificados, los cuales realizar\u00e1n todos los servicios con rapidez, eficacia y a unos precios muy asequibles.<\/p>\n\n\n\n<h2 class=\"wp-block-heading\">\u00bfQuienes somos?<\/h2>\n\n\n\n<div class=\"wp-block-image\"><figure class=\"alignright size-full\"><img loading=\"lazy\" decoding=\"async\" width=\"309\" height=\"318\" src=\"https:\/\/www.cerrajerospuertodesagunto.es\/wp-content\/uploads\/2022\/02\/cerrajero-puerto-de-sagunto-1.jpg\" alt=\"cerrajero-puerto de sagunto\" class=\"wp-image-11\" srcset=\"https:\/\/www.cerrajerospuertodesagunto.es\/wp-content\/uploads\/2022\/02\/cerrajero-puerto-de-sagunto-1.jpg 309w, https:\/\/www.cerrajerospuertodesagunto.es\/wp-content\/uploads\/2022\/02\/cerrajero-puerto-de-sagunto-1-292x300.jpg 292w\" sizes=\"auto, (max-width: 309px) 100vw, 309px\" \/><\/figure><\/div>\n\n\n\n<p>En nuestra compa\u00f1\u00eda contamos con los mejores cerrajeros las 24 horas del d\u00eda en disponibilidad inmediata para servirle y poderle ayudar con cualquier problema que se le presente en casos de emergencia, <strong>nuestro equipo cuenta con los suplementos necesarios para brindarle una atenci\u00f3n de primera<\/strong> y de m\u00e1xima calidad, siempre con la educaci\u00f3n y el respeto necesario para darle un servicio de calidad personal y profesional.<\/p>\n\n\n\n<p>Es por tal motivo que deseamos tenga presente que nuestros precios son muy accesible, de igual forma <strong>no tenemos problemas en atender una urgencia<\/strong> as\u00ed como una cita planificada, si usted lo desea puede contactarnos y verificar que nuestros precios son muy econ\u00f3micos y baratos, aunque esto no descalifica nuestro trabajo, al contrario, solo buscamos ofrecerle lo mejor tanto en calidad como en precio.<\/p>\n\n\n\n<h2 class=\"wp-block-heading\">&#x1f511;Nuestros trabajos:<\/h2>\n\n\n\n<p>En <a href=\"https:\/\/www.cerrajeroselcampello.com\">https:\/\/www.cerrajeroselcampello.com<\/a> encontrar\u00e1 una empresa que se dedica a la cerrajer\u00eda, y tenemos mucha experiencia realizando las siguientes tareas: apertura de puertas, cambio o arreglo de cerraduras, mantenimiento, apertura o reparaci\u00f3n de cajas fuertes, instalaci\u00f3n y arreglo de cierres met\u00e1licos y persianas met\u00e1licas.<\/p>\n\n\n\n<h3 class=\"wp-block-heading\">Instalacion de cerraduras<\/h3>\n\n\n\n<p>Instalamos y sustituimos cualquier cerradura, bombillos, llaves, sin importar el modelo o la marca. Instalamos y sustituimos cerraduras de todo tipo, ya sean de contacto el\u00e9ctrico, cerraduras magn\u00e9ticas, cerraduras con cerrojo, cerraduras para cajas fuertes&#8230;<\/p>\n\n\n\n<h3 class=\"wp-block-heading\">Aperturas de puertas<\/h3>\n\n\n\n<p>Realizamos las aperturas de puertas de forma no invasiva, lo que significa que no da\u00f1amos la puerta o la cerradura durante el trabajo. Podemos realizar los servicios de forma limpia porque utilizamos las mejores herramientas, as\u00ed como las t\u00e9cnicas m\u00e1s modernas.<br>Tambi\u00e9n instalamos y reparamos cierres met\u00e1licos de cualquier tipo, como por ejemplo: cierres de tijera, cierres de concha, cierres ciegos, etc. Nuestros profesionales de <a href=\"https:\/\/www.cerrajeroscrevillente.com\">https:\/\/www.cerrajeroscrevillente.com<\/a> tambi\u00e9n trabajan con persianas met\u00e1licas.<\/p>\n\n\n\n<h3 class=\"wp-block-heading\"><strong>&#x1f6aa;Reparaci\u00f3n de puertas autom\u00e1ticas<\/strong><\/h3>\n\n\n\n<p>Las puertas autom\u00e1ticas han evolucionado mucho en los \u00faltimos a\u00f1os, hoy en d\u00eda es posible elegir entre multitud de sistemas de apertura, de automatismos, dise\u00f1os y hasta materiales de fabricaci\u00f3n, por ello es tan importante confiar solo en especialistas en la instalaci\u00f3n y <strong>reparaci\u00f3n de puertas autom\u00e1ticas Puerto de Sagunto<\/strong>.<\/p>\n\n\n\n<p>Nuestra empresa de <a href=\"https:\/\/www.cerrajeros-gandia.es\">https:\/\/www.cerrajeros-gandia.es<\/a> lleva a\u00f1os dedicada en exclusiva a este sector, hemos crecido con \u00e9l y hemos ido adoptando cada una de las novedades que han ido saliendo al mercado. Por eso no hay especialistas m\u00e1s cualificados que nosotros para cualquier trabajo que tenga que ver con este aspecto.<\/p>\n\n\n\n<h3 class=\"wp-block-heading\"><strong>Instalaci\u00f3n de puertas autom\u00e1ticas<\/strong><\/h3>\n\n\n\n<p>En el campo de la<strong> instalaci\u00f3n de puertas autom\u00e1ticas Puerto de Sagunto, <\/strong>trabajamos \u00fanicamente con las mejores marcas del sector, tanto en lo que a la puerta propiamente dicha se refiere como a lo que tiene que ver con los automatismos. Contamos, adem\u00e1s, con un gran cat\u00e1logo de productos para que el cliente pueda elegir seg\u00fan sus necesidades, sus gustos y tambi\u00e9n su presupuesto. Si tiene dudas, nosotros podremos ofrecerle el mejor asesoramiento, siempre pensando en su beneficio.<\/p>\n\n\n\n<h3 class=\"wp-block-heading\"><strong>Reparaci\u00f3n de puertas autom\u00e1ticas seccionales<\/strong><\/h3>\n\n\n\n<p>Trabajamos buscando ofrecer el mejor servicio en instalaciones, pero tambi\u00e9n en todo lo que tiene que ver contrabajos de adecuaci\u00f3n, mantenimiento o reparaci\u00f3n. Si necesitas a un experto en la <strong>reparaci\u00f3n de puertas autom\u00e1ticas seccionales en Puerto de Sagunto<\/strong>, no lo dudes, contacta con nosotros. Nuestros t\u00e9cnicos localizar\u00e1n el problema con rapidez y proceder\u00e1n a su soluci\u00f3n inmediata, utilizando solo repuestos homologados y materiales de calidad que garanticen un trabajo duradero.<\/p>\n\n\n\n<h3 class=\"wp-block-heading\"><strong>Reparaci\u00f3n de puertas enrollables<\/strong><\/h3>\n\n\n\n<p>\u00bfEs un experto en la <strong>reparaci\u00f3n de puertas enrollables en\u00a0Puerto de Sagunto<\/strong> lo que necesitas? Tambi\u00e9n puedes acudir a nosotros. No importa el tipo de puerta ni de motor, conocemos bien nuestro sector y podremos solucionar el problema, tanto si est\u00e1 en el automatismo como si es un panel que se ha descolgado, una correa que se ha atascado o una fotoc\u00e9lula que no funciona.<\/p>\n\n\n\n<p>Somos profesionales competentes que ofrecemos el mejor de los servicios y al mejor precio que se pueda encontrar.<\/p>\n\n\n\n<h2 class=\"wp-block-heading\">Cerrajeros 24 horas Puerto de Sagunto<\/h2>\n\n\n\n<div class=\"wp-block-image\"><figure class=\"alignright size-full\"><img loading=\"lazy\" decoding=\"async\" width=\"257\" height=\"300\" src=\"https:\/\/www.cerrajerospuertodesagunto.es\/wp-content\/uploads\/2022\/02\/estamos-en-puerto-de-sagunto-257x300-2.jpg\" alt=\"estamos-en-puerto de sagunto\" class=\"wp-image-12\"\/><\/figure><\/div>\n\n\n\n<p>Para la zona Puerto de Sagunto somos los n\u00fameros uno y la poblaci\u00f3n nos prefiere por nuestra excelencia y por la confianza que le brindamos, no hay duda que podemos resolver cualquier problema de cerraduras sin inconveniente. Como compa\u00f1\u00eda siempre buscamos tener el mejor personal para poder ayudarles de la manera m\u00e1s efectiva posible, nuestros cerrajeros cuentan con a\u00f1os de experiencia que los hacen ser unos expertos y unas personas muy respetadas en la poblaci\u00f3n.<\/p>\n\n\n\n<p>Pueden cerrar puertas de seguridad, blindadas, de emergencia, cajas fuertes o un cambio de cerraduras, nuestro equipo lo har\u00e1 en solo segundos, usted puede contactarnos y de inmediato pondremos un equipo de especialista a su disposici\u00f3n para que su problema sea resuelto en la brevedad posible, para que usted pueda sentirse confianza y segura nuevamente.<\/p>\n\n\n\n<p>Y si necesita m\u00e1s de nosotros o nuestro equipo puede visitar:<\/p>\n\n\n\n<ul class=\"wp-block-list\"><li><a href=\"https:\/\/www.cerrajeroscatarroja.es\/\">www.cerrajeroscatarroja.es<\/a><\/li><li><a href=\"https:\/\/www.cerrajerosburjassot.com\/\">www.cerrajerosburjassot.com<\/a><\/li><li><a href=\"https:\/\/www.cerrajerosaldaia.es\/\">www.cerrajerosaldaia.es<\/a><\/li><li><a href=\"https:\/\/www.cerrajerosalboraya.net\/\">www.cerrajerosalboraya.net<\/a><\/li><\/ul>\n\n\n\n<h2 class=\"wp-block-heading\">Cerrajeros Puerto de Sagunto Costa<\/h2>\n\n\n\n<p>Si esta buscando un\u00a0<strong>cerrajero en la zona de Puerto de Sagunto<\/strong> <strong>Costa<\/strong> que sea profesional, con precios baratos, ya no busque m\u00e1s porque aqui tenemos los mejores cerrajeros en la reparaci\u00f3n de cajas fuertes de seguridad.<\/p>\n\n\n\n<p>Es importante resaltar que hoy d\u00eda en hogares y oficinas se usan cajas fuertes de seguridad, dado que son el principal componente que ayuda a la protecci\u00f3n del dinero para contrarrestar los efectos de un robo.<\/p>\n\n\n\n<p>Las cajas fuertes de seguridad est\u00e1n destacadas por su versatilidad. En este sentido cerrajero Puerto de Sagunto Costa, es profesional que por un precio bajo somos capaces de reparar todo tipo de cajas fuertes.<\/p>\n\n\n\n<p>Cajas fuertes de sobreponer que usualmente se encuentra en armarios o closet tanto del hogar como de las oficinas, con profesionales que prestan servicios de urgencia, econ\u00f3micos.<\/p>\n\n\n\n<p>As\u00ed como tambi\u00e9n, cajas fuertes de empotrar tanto en el piso como en pared. Sea cual sea tu caja fuerte de seguridad; el cerrajero Puerto de Sagunto Costa es especialista en su reparaci\u00f3n.<\/p>\n\n\n\n<div class=\"wp-block-image\"><figure class=\"aligncenter size-full\"><img loading=\"lazy\" decoding=\"async\" width=\"654\" height=\"233\" src=\"https:\/\/www.cerrajerospuertodesagunto.es\/wp-content\/uploads\/2022\/02\/TARIFAS-PRECIO-CERRAJEROS-puerto-de-sagunto-1.jpg\" alt=\"TARIFAS-PRECIO-CERRAJEROS-puerto de sagunto\" class=\"wp-image-13\" srcset=\"https:\/\/www.cerrajerospuertodesagunto.es\/wp-content\/uploads\/2022\/02\/TARIFAS-PRECIO-CERRAJEROS-puerto-de-sagunto-1.jpg 654w, https:\/\/www.cerrajerospuertodesagunto.es\/wp-content\/uploads\/2022\/02\/TARIFAS-PRECIO-CERRAJEROS-puerto-de-sagunto-1-300x107.jpg 300w\" sizes=\"auto, (max-width: 654px) 100vw, 654px\" \/><\/figure><\/div>\n\n\n\n<h2 class=\"wp-block-heading\">Cerrajero 24h Puerto de Sagunto<\/h2>\n\n\n\n<p>Dale una nueva vida a tu caja fuerte de seguridad contacta con nuestro equipo para que de manera inmediata se dirija hasta donde est\u00e9s y repare tu caja fuerte de seguridad.<\/p>\n\n\n\n<p>Es importante destacar que este servicio de urgencia, en la reparaci\u00f3n de cajas fuertes de seguridad tambi\u00e9n incluye la apertura de cerraduras sin da\u00f1arlas. Por lo cual te podemos garantizar que nuestros trabajo es de tan alta calidad que volver\u00e1s a usar de forma confiable tu caja fuerte de seguridad.<\/p>\n\n\n\n<p>Por esto y m\u00e1s el <strong>cerrajero 24h Puerto de Sagunto<\/strong>, es de la empresa de seguridad a quien debas de llamar en cualquier momento que necesites un cerrajero profesional. Reparaci\u00f3n de cajas fuertes de seguridad las 24 horas al d\u00eda conf\u00eda en nosotros y date otra oportunidad.<\/p>\n\n\n\n<p>Tambi\u00e9n puedes acceder en\u00a0cerrajero 24h Puerto de Sagunto a una gran variedad de servicios, en la apertura de cerraduras de todo tipo, en cualquier lugar y siempre las 24 horas al d\u00eda.<\/p>\n\n\n\n<h2 class=\"wp-block-heading\">Prevenci\u00f3n de nuestros compa\u00f1eros y el SARS-COV2<\/h2>\n\n\n\n<p>Nuestros compa\u00f1eros entienden que la condicion m\u00e9dica de nuestra region a dia de hoy es penosa por ese motivo siempre portamos mascarillas higienicas en el tiempo de trabajo. Comprendemos la consideraci\u00f3n de no contagiar el COVID-19 y por esa motivacion todo el tiempo tenemos geles de alcohol en nuestros transportes de trabajo, que empleamos antes y despu\u00e9s de cada operaci\u00f3n.<\/p>\n\n\n\n<h2 class=\"wp-block-heading\">PREGUNTAS FRECUENTES FAQ<\/h2>\n\n\n\n<h3 class=\"wp-block-heading\">&#x1f69a; \u00bfCu\u00e1nto tarda el profesional en llegar a mi casa?<\/h3>\n\n\n\n<p>Con cita previa con nosotros, a la hora convenida llegaremos, si nos necesita urgentemente, en unos treinta minutos estamos ah\u00ed. En <a href=\"https:\/\/www.cerrajerospuertodesagunto.es\/\">ESTE LINK<\/a> tienes m\u00e1s informacion.<\/p>\n\n\n\n<h3 class=\"wp-block-heading\">&#x1f552; \u00bfDispon\u00e9is asistencia 24 horas en Puerto de Sagunto.?<\/h3>\n\n\n\n<p>S\u00ed, trabajamos con urgencias en la zona de Puerto de Sagunto. Contactarnos <a href=\"https:\/\/www.cerrajerospuertodesagunto.es\/\">HACIENDO CLICK AQU\u00cd<\/a>.<\/p>\n\n\n\n<h3 class=\"wp-block-heading\">&#x2714;&#xfe0f; \u00bfPodeis hacer cambios de puertas en Puerto de Sagunto.?<\/h3>\n\n\n\n<p>S\u00ed, nos encargamos de cualquier servicio de cerrajeros. Siguenos <a href=\"https:\/\/www.cerrajerospuertodesagunto.es\/\">CLICANDO AQU\u00cd<\/a>.<\/p>\n","protected":false},"excerpt":{"rendered":"<p>Contamos con un excelente equipo humano de cerrajeros Puerto de Sagunto, as\u00ed como de un estupendo servicio de atenci\u00f3n al cliente. Nuestros cerrajeros se adaptan siempre a las necesidades del cliente, sin olvidarnos de su presupuesto. En cerrajeros de Puerto de Sagunto encontrar\u00e1 profesionales altamente cualificados que podr\u00e1n solucionar cualquier problema de cerrajer\u00eda, ya sea [&hellip;]<\/p>\n","protected":false},"author":2,"featured_media":0,"parent":0,"menu_order":0,"comment_status":"closed","ping_status":"closed","template":"","meta":{"footnotes":""},"class_list":["post-5","page","type-page","status-publish","hentry"],"_links":{"self":[{"href":"https:\/\/www.cerrajerospuertodesagunto.es\/index.php?rest_route=\/wp\/v2\/pages\/5","targetHints":{"allow":["GET"]}}],"collection":[{"href":"https:\/\/www.cerrajerospuertodesagunto.es\/index.php?rest_route=\/wp\/v2\/pages"}],"about":[{"href":"https:\/\/www.cerrajerospuertodesagunto.es\/index.php?rest_route=\/wp\/v2\/types\/page"}],"author":[{"embeddable":true,"href":"https:\/\/www.cerrajerospuertodesagunto.es\/index.php?rest_route=\/wp\/v2\/users\/2"}],"replies":[{"embeddable":true,"href":"https:\/\/www.cerrajerospuertodesagunto.es\/index.php?rest_route=%2Fwp%2Fv2%2Fcomments&post=5"}],"version-history":[{"count":1,"href":"https:\/\/www.cerrajerospuertodesagunto.es\/index.php?rest_route=\/wp\/v2\/pages\/5\/revisions"}],"predecessor-version":[{"id":14,"href":"https:\/\/www.cerrajerospuertodesagunto.es\/index.php?rest_route=\/wp\/v2\/pages\/5\/revisions\/14"}],"wp:attachment":[{"href":"https:\/\/www.cerrajerospuertodesagunto.es\/index.php?rest_route=%2Fwp%2Fv2%2Fmedia&parent=5"}],"curies":[{"name":"wp","href":"https:\/\/api.w.org\/{rel}","templated":true}]}}